{"id":100,"date":"2020-07-15T07:41:04","date_gmt":"2020-07-15T07:41:04","guid":{"rendered":"https:\/\/eldoradodev.us\/?page_id=100"},"modified":"2020-08-04T06:52:01","modified_gmt":"2020-08-04T06:52:01","slug":"trina","status":"publish","type":"page","link":"https:\/\/eldoradodev.us\/es\/trina\/","title":{"rendered":"TRINA"},"content":{"rendered":"<p>[et_pb_section fb_built=&#8221;1&#8243; fullwidth=&#8221;on&#8221; next_background_color=&#8221;#ffffff&#8221; _builder_version=&#8221;4.5.1&#8243; background_image=&#8221;https:\/\/eldoradodev.us\/wp-content\/uploads\/2020\/07\/projects-bg-1.jpg&#8221; height=&#8221;40vh&#8221; height_tablet=&#8221;&#8221; height_phone=&#8221;23vh&#8221; height_last_edited=&#8221;on|tablet&#8221; max_height=&#8221;40vh&#8221; max_height_tablet=&#8221;&#8221; max_height_phone=&#8221;23vh&#8221; max_height_last_edited=&#8221;on|phone&#8221; bottom_divider_style=&#8221;slant&#8221; bottom_divider_height=&#8221;60px&#8221; bottom_divider_style_tablet=&#8221;&#8221; bottom_divider_style_phone=&#8221;&#8221; bottom_divider_style_last_edited=&#8221;on|phone&#8221;][et_pb_fullwidth_code _builder_version=&#8221;4.5.1&#8243; text_orientation=&#8221;center&#8221; module_alignment=&#8221;center&#8221;]<\/p>\n<h3 class=\"page-title\"><!-- [et_pb_line_break_holder] -->  TRINA<!-- [et_pb_line_break_holder] --><\/h3>\n<p><!-- [et_pb_line_break_holder] --><\/p>\n<h2 class=\"title-border-bg-white\"><!-- [et_pb_line_break_holder] -->  TRINA<!-- [et_pb_line_break_holder] --><\/h2>\n<p>[\/et_pb_fullwidth_code][\/et_pb_section][et_pb_section fb_built=&#8221;1&#8243; _builder_version=&#8221;4.5.1&#8243; custom_margin=&#8221;||||false|false&#8221; bottom_divider_style=&#8221;slant&#8221; bottom_divider_color=&#8221;#05b385&#8243; bottom_divider_height=&#8221;60px&#8221; bottom_divider_style_tablet=&#8221;&#8221; bottom_divider_style_phone=&#8221;&#8221; bottom_divider_style_last_edited=&#8221;on|phone&#8221;][et_pb_row _builder_version=&#8221;4.4.8&#8243; custom_margin=&#8221;5%||3%||false|false&#8221; custom_margin_tablet=&#8221;-2%||3%||false|false&#8221; custom_margin_phone=&#8221;-5%||||false|false&#8221; custom_margin_last_edited=&#8221;on|tablet&#8221;][et_pb_column type=&#8221;4_4&#8243; _builder_version=&#8221;4.4.8&#8243;][et_pb_text _builder_version=&#8221;4.4.8&#8243; text_font=&#8221;Roboto|300|||||||&#8221; text_text_color=&#8221;#05B385&#8243; text_font_size=&#8221;18px&#8221;]<\/p>\n<p>El enfoque principal de El Dorado es el establecimiento de Trina, SAS, lo cual ya est\u00e1 en marcha. El Dorado actualmente est\u00e1 obteniendo pr\u00e9stamos para la expansi\u00f3n de las instalaciones existentes y la creaci\u00f3n de nuevos puntos de producci\u00f3n en Boyac\u00e1 y Antioquia.<\/p>\n<p>Este proyecto ha sido revisado y respaldado por el Ministerio de Medio Ambiente y el Ministerio de Agricultura de Colombia, adem\u00e1s, por la empresa Cargill, quienes consideran que este es un proyecto de desarrollo muy importante y por eso respalda los esfuerzos de Trina.<\/p>\n<p>[\/et_pb_text][\/et_pb_column][\/et_pb_row][et_pb_row _builder_version=&#8221;4.5.1&#8243; custom_margin=&#8221;||9%||false|false&#8221;][et_pb_column type=&#8221;4_4&#8243; _builder_version=&#8221;4.4.8&#8243;][et_pb_image src=&#8221;https:\/\/eldoradodev.us\/wp-content\/uploads\/2020\/07\/El-Oregano-Process-6.2-scaled.jpg&#8221; alt=&#8221;fish farming collage&#8221; title_text=&#8221;fish farming collage&#8221; _builder_version=&#8221;4.5.1&#8243; width=&#8221;80%&#8221; width_tablet=&#8221;&#8221; width_phone=&#8221;100%&#8221; width_last_edited=&#8221;on|phone&#8221; module_alignment=&#8221;center&#8221;][\/et_pb_image][\/et_pb_column][\/et_pb_row][\/et_pb_section][et_pb_section fb_built=&#8221;1&#8243; next_background_color=&#8221;#fff&#8221; admin_label=&#8221;El molino section&#8221; _builder_version=&#8221;4.5.1&#8243; background_color=&#8221;#05b385&#8243; bottom_divider_style=&#8221;slant&#8221; bottom_divider_height=&#8221;60px&#8221; bottom_divider_style_tablet=&#8221;&#8221; bottom_divider_style_phone=&#8221;&#8221; bottom_divider_style_last_edited=&#8221;on|phone&#8221; locked=&#8221;off&#8221;][et_pb_row _builder_version=&#8221;4.4.8&#8243; custom_margin=&#8221;4%||||false|false&#8221; custom_margin_tablet=&#8221;-3%||||false|false&#8221; custom_margin_phone=&#8221;-10%||||false|false&#8221; custom_margin_last_edited=&#8221;on|tablet&#8221;][et_pb_column type=&#8221;4_4&#8243; _builder_version=&#8221;4.4.8&#8243;][et_pb_text _builder_version=&#8221;4.5.1&#8243; text_font=&#8221;Roboto|300|||||||&#8221; text_text_color=&#8221;#ffffff&#8221; text_font_size=&#8221;18px&#8221; header_font=&#8221;Oswald||||||||&#8221; header_4_font=&#8221;Oswald|700|||||||&#8221; header_4_text_align=&#8221;center&#8221; header_4_text_color=&#8221;#ffffff&#8221; header_4_font_size=&#8221;24px&#8221; header_4_letter_spacing=&#8221;1px&#8221; header_4_line_height=&#8221;2em&#8221;]<\/p>\n<h4>El Molino, SAS<\/h4>\n<p>El Molino es una granja experimental para Induaqua en Mongu\u00ed, Boyac\u00e1. Actualmente puede producir unas quince toneladas de trucha por mes, pero su objetivo principal es estudiar la producci\u00f3n de trucha y su eficiencia. El Molino sirve como estaci\u00f3n de monitoreo ambiental y de agua para Corpo-Boyac\u00e1 y para asuntos relacionados con la producci\u00f3n de truchas en el departamento. El Molino actualmente est\u00e1 alimentado en parte por un peque\u00f1o sistema hidroel\u00e9ctrico del siglo XIX, cuando la granja se usaba como molino. Esta ser\u00e1 una de las primeras granjas de producci\u00f3n de Trina.<\/p>\n<p>[\/et_pb_text][\/et_pb_column][\/et_pb_row][et_pb_row _builder_version=&#8221;4.4.8&#8243; custom_margin=&#8221;||12%||false|false&#8221;][et_pb_column type=&#8221;4_4&#8243; _builder_version=&#8221;4.4.8&#8243;][et_pb_image src=&#8221;https:\/\/eldoradodev.us\/wp-content\/uploads\/2020\/07\/El-Molino-4-scaled.jpg&#8221; alt=&#8221;El molino, SAS&#8221; title_text=&#8221;El Molino, SAS&#8221; _builder_version=&#8221;4.5.1&#8243; width=&#8221;80%&#8221; width_tablet=&#8221;80%&#8221; width_phone=&#8221;&#8221; width_last_edited=&#8221;on|desktop&#8221; module_alignment=&#8221;center&#8221; custom_margin=&#8221;3%||||false|false&#8221;][\/et_pb_image][\/et_pb_column][\/et_pb_row][\/et_pb_section][et_pb_section fb_built=&#8221;1&#8243; next_background_color=&#8221;#05b385&#8243; admin_label=&#8221;La cusiana spring section&#8221; _builder_version=&#8221;4.5.1&#8243; background_color=&#8221;#fff&#8221; custom_margin=&#8221;0px||0px||true|false&#8221; custom_padding=&#8221;||||true|false&#8221; bottom_divider_style=&#8221;slant&#8221; bottom_divider_height=&#8221;60px&#8221; bottom_divider_style_tablet=&#8221;&#8221; bottom_divider_style_phone=&#8221;&#8221; bottom_divider_style_last_edited=&#8221;on|phone&#8221; locked=&#8221;off&#8221;][et_pb_row _builder_version=&#8221;4.4.8&#8243; custom_margin=&#8221;4%||||false|false&#8221; custom_margin_tablet=&#8221;0%||||false|false&#8221; custom_margin_phone=&#8221;||0px||false|false&#8221; custom_margin_last_edited=&#8221;on|phone&#8221;][et_pb_column type=&#8221;4_4&#8243; _builder_version=&#8221;4.4.8&#8243;][et_pb_text _builder_version=&#8221;4.5.1&#8243; text_font=&#8221;Roboto|300|||||||&#8221; text_text_color=&#8221;#05b385&#8243; text_font_size=&#8221;18px&#8221; header_font=&#8221;||||||||&#8221; header_4_font=&#8221;Oswald|700|||||||&#8221; header_4_text_align=&#8221;center&#8221; header_4_text_color=&#8221;#05b385&#8243; header_4_font_size=&#8221;24px&#8221; header_4_letter_spacing=&#8221;1px&#8221; header_4_line_height=&#8221;1.7em&#8221; hover_enabled=&#8221;0&#8243; module_id=&#8221;cusiana-spring-section&#8221;]<\/p>\n<h4>La Cusiana Spring, SAS<\/h4>\n<p>Cusiana Spring, fue fundada en 2014 y es pionera en el uso de sistemas de recirculaci\u00f3n acu\u00edcola de Ras Chile en Colombia. Esta granja se encuentra cerca de la desembocadura del r\u00edo Cusiana y es propiedad de Trucha Surala y el Sr. Barrera. Ha sido un ejemplo exitoso de capitalizaci\u00f3n rural y produce alrededor de sesenta toneladas de trucha por mes. El sistema RAS empleado en Cuisana Spring fue dise\u00f1ado e instalado parcialmente por el socio de Induaqua, el Sr. Marcelo Eduardo Aqueveque Torres y su empresa chilena Ras Chile, Ltda. Cuisana Spring eventualmente se convertir\u00e1 en una instalaci\u00f3n de Trina.<\/p>\n<p>[\/et_pb_text][\/et_pb_column][\/et_pb_row][et_pb_row _builder_version=&#8221;4.4.8&#8243; custom_margin=&#8221;||14%||false|false&#8221;][et_pb_column type=&#8221;4_4&#8243; _builder_version=&#8221;4.4.8&#8243;][et_pb_image src=&#8221;https:\/\/eldoradodev.us\/wp-content\/uploads\/2020\/07\/Cusiana-Springs-2-scaled.jpg&#8221; alt=&#8221;la cusiana spring&#8221; title_text=&#8221;la cusiana spring&#8221; _builder_version=&#8221;4.5.1&#8243; width=&#8221;80%&#8221; module_alignment=&#8221;center&#8221; custom_margin=&#8221;3%||||false|false&#8221;][\/et_pb_image][\/et_pb_column][\/et_pb_row][\/et_pb_section][et_pb_section fb_built=&#8221;1&#8243; next_background_color=&#8221;#ffffff&#8221; admin_label=&#8221;Rio pez section&#8221; _builder_version=&#8221;4.5.1&#8243; background_color=&#8221;#05b385&#8243; bottom_divider_style=&#8221;slant&#8221; bottom_divider_height=&#8221;60px&#8221; bottom_divider_style_tablet=&#8221;&#8221; bottom_divider_style_phone=&#8221;&#8221; bottom_divider_style_last_edited=&#8221;on|phone&#8221; locked=&#8221;off&#8221;][et_pb_row _builder_version=&#8221;4.4.8&#8243; custom_margin=&#8221;4%||||false|false&#8221; custom_margin_tablet=&#8221;0%||||false|false&#8221; custom_margin_phone=&#8221;&#8221; custom_margin_last_edited=&#8221;on|tablet&#8221;][et_pb_column type=&#8221;4_4&#8243; _builder_version=&#8221;4.4.8&#8243;][et_pb_text _builder_version=&#8221;4.5.1&#8243; text_font=&#8221;Roboto|300|||||||&#8221; text_text_color=&#8221;#ffffff&#8221; text_font_size=&#8221;18px&#8221; header_font=&#8221;Oswald||||||||&#8221; header_4_font=&#8221;Oswald|700|||||||&#8221; header_4_text_align=&#8221;center&#8221; header_4_text_color=&#8221;#ffffff&#8221; header_4_font_size=&#8221;24px&#8221; header_4_letter_spacing=&#8221;1px&#8221; header_4_line_height=&#8221;2em&#8221; hover_enabled=&#8221;0&#8243; module_id=&#8221;rio-pez-section&#8221;]<\/p>\n<h4>Rio Pez, SAS (aka Sons\u00f3n)<\/h4>\n<p>\nR\u00edo Pez, tambi\u00e9n conocido como La Paloma Sons\u00f3n se encuentra en el departamento de Antioquia. Ubicada aproximadamente a dos horas de Medell\u00edn y cuenta con su propia planta de procesamiento con una capacidad instalada para producir veinte toneladas de truchas por semana. Es una fuente de desarrollo para el municipio de Sons\u00f3n, que fue fuertemente afectado por la violencia. Tambi\u00e9n utiliza una fuente de agua natural de una reserva natural cercana. R\u00edo Pez est\u00e1 siendo modernizado por actualmente por Induaqua. En un futuro cercano, Sons\u00f3n ser\u00e1 una granja e instalaci\u00f3n de Trina.\n<\/p>\n<p>[\/et_pb_text][\/et_pb_column][\/et_pb_row][et_pb_row _builder_version=&#8221;4.4.8&#8243; custom_margin=&#8221;||14%||false|false&#8221;][et_pb_column type=&#8221;4_4&#8243; _builder_version=&#8221;4.4.8&#8243;][et_pb_image src=&#8221;https:\/\/eldoradodev.us\/wp-content\/uploads\/2020\/07\/Sonso\u0301n-1.jpg&#8221; alt=&#8221;rio pez&#8221; title_text=&#8221;rio pez&#8221; _builder_version=&#8221;4.5.1&#8243; width=&#8221;75%&#8221; module_alignment=&#8221;center&#8221; custom_margin=&#8221;3%||||false|false&#8221;][\/et_pb_image][\/et_pb_column][\/et_pb_row][\/et_pb_section][et_pb_section fb_built=&#8221;1&#8243; next_background_color=&#8221;#05b385&#8243; admin_label=&#8221;piscitota section&#8221; _builder_version=&#8221;4.5.1&#8243; background_color=&#8221;#ffffff&#8221; bottom_divider_style=&#8221;slant&#8221; bottom_divider_height=&#8221;60px&#8221; bottom_divider_style_tablet=&#8221;&#8221; bottom_divider_style_phone=&#8221;&#8221; bottom_divider_style_last_edited=&#8221;on|phone&#8221; locked=&#8221;off&#8221;][et_pb_row _builder_version=&#8221;4.4.8&#8243; custom_margin=&#8221;4%||||false|false&#8221; custom_margin_tablet=&#8221;0%||||false|false&#8221; custom_margin_phone=&#8221;&#8221; custom_margin_last_edited=&#8221;on|tablet&#8221;][et_pb_column type=&#8221;4_4&#8243; _builder_version=&#8221;4.4.8&#8243;][et_pb_text _builder_version=&#8221;4.5.1&#8243; text_font=&#8221;Roboto|300|||||||&#8221; text_text_color=&#8221;#05b385&#8243; text_font_size=&#8221;18px&#8221; header_font=&#8221;||||||||&#8221; header_4_font=&#8221;Oswald|700|||||||&#8221; header_4_text_align=&#8221;center&#8221; header_4_text_color=&#8221;#05b385&#8243; header_4_font_size=&#8221;24px&#8221; header_4_letter_spacing=&#8221;1px&#8221; header_4_line_height=&#8221;1.7em&#8221; hover_enabled=&#8221;0&#8243; module_id=&#8221;piscitota-section&#8221;]<\/p>\n<h4>Piscitota, SAS<\/h4>\n<p>Las instalaciones de Piscitota tienen una planta de procesamiento y un sistema de producci\u00f3n con ochenta tanques en el lago Tota. Es actualmente uno de los productores de trucha m\u00e1s exitosos en Colombia y es propiedad de un consorcio de ocho entidades que incluye al Sr. Barrera.<\/p>\n<p>[\/et_pb_text][\/et_pb_column][\/et_pb_row][et_pb_row _builder_version=&#8221;4.4.8&#8243; custom_margin=&#8221;||8%||false|false&#8221; custom_margin_tablet=&#8221;&#8221; custom_margin_phone=&#8221;||14%||false|false&#8221; custom_margin_last_edited=&#8221;on|phone&#8221;][et_pb_column type=&#8221;4_4&#8243; _builder_version=&#8221;4.4.8&#8243;][et_pb_image src=&#8221;https:\/\/eldoradodev.us\/wp-content\/uploads\/2020\/07\/Piscitota-Trout-Farm-1-scaled.jpg&#8221; alt=&#8221;piscitota&#8221; title_text=&#8221;piscitota&#8221; _builder_version=&#8221;4.5.1&#8243; width=&#8221;80%&#8221; module_alignment=&#8221;center&#8221; custom_margin=&#8221;0%||||false|false&#8221;][\/et_pb_image][\/et_pb_column][\/et_pb_row][\/et_pb_section][et_pb_section fb_built=&#8221;1&#8243; admin_label=&#8221;el oregano section&#8221; _builder_version=&#8221;4.5.1&#8243; background_color=&#8221;#05b385&#8243; locked=&#8221;off&#8221;][et_pb_row _builder_version=&#8221;4.4.8&#8243; custom_margin=&#8221;4%||||false|false&#8221; custom_margin_tablet=&#8221;0%||||false|false&#8221; custom_margin_phone=&#8221;&#8221; custom_margin_last_edited=&#8221;on|tablet&#8221;][et_pb_column type=&#8221;4_4&#8243; _builder_version=&#8221;4.4.8&#8243;][et_pb_text _builder_version=&#8221;4.5.1&#8243; text_font=&#8221;Roboto|300|||||||&#8221; text_text_color=&#8221;#ffffff&#8221; text_font_size=&#8221;18px&#8221; header_font=&#8221;Oswald||||||||&#8221; header_4_font=&#8221;Oswald|700|||||||&#8221; header_4_text_align=&#8221;center&#8221; header_4_text_color=&#8221;#ffffff&#8221; header_4_font_size=&#8221;24px&#8221; header_4_letter_spacing=&#8221;1px&#8221; header_4_line_height=&#8221;2em&#8221;]<\/p>\n<h4>El Oregano<\/h4>\n<p>El Or\u00e9gano ubicada en Aquitania, Boyac\u00e1, a las orillas del lago Tota, es uno de los mayores productores de trucha del pa\u00eds y tiene una planta de procesamiento certificada para la exportaci\u00f3n con un sistema de jaulas flotantes. Durante los \u00faltimos veinticinco a\u00f1os ha tenido una relaci\u00f3n cercana con el El Tejar, un negocio de la familia Barrera que le ha estado proporcionando alevines. Recientemente, IA ha introducido la dieta EWOS de alta energ\u00eda, que ha ayudado a aumentar la producci\u00f3n y mejorar la calidad del producto terminado. El Or\u00e9gano emplea aproximadamente a unas cincuenta personas de las cuales en su mayor\u00eda son mujeres cabeza de familia que han sido afectadas por el conflicto armado en Colombia.<\/p>\n<p>[\/et_pb_text][\/et_pb_column][\/et_pb_row][et_pb_row _builder_version=&#8221;4.4.8&#8243; width_tablet=&#8221;&#8221; width_phone=&#8221;100%&#8221; width_last_edited=&#8221;on|phone&#8221; custom_margin=&#8221;||5%||false|false&#8221;][et_pb_column type=&#8221;4_4&#8243; _builder_version=&#8221;4.4.8&#8243;][et_pb_image src=&#8221;https:\/\/eldoradodev.us\/wp-content\/uploads\/2020\/07\/El-Oregano-1-scaled.jpg&#8221; alt=&#8221;el oregano&#8221; title_text=&#8221;el oregano&#8221; _builder_version=&#8221;4.5.1&#8243; width=&#8221;80%&#8221; module_alignment=&#8221;center&#8221; custom_margin=&#8221;3%||||false|false&#8221; custom_margin_tablet=&#8221;&#8221; custom_margin_phone=&#8221;0%||||false|false&#8221; custom_margin_last_edited=&#8221;on|phone&#8221;][\/et_pb_image][\/et_pb_column][\/et_pb_row][\/et_pb_section]<\/p>","protected":false},"excerpt":{"rendered":"<p>[et_pb_section fb_built=&#8221;1&#8243; fullwidth=&#8221;on&#8221; next_background_color=&#8221;#ffffff&#8221; _builder_version=&#8221;4.5.1&#8243; background_image=&#8221;https:\/\/eldoradodev.us\/wp-content\/uploads\/2020\/07\/projects-bg-1.jpg&#8221; height=&#8221;40vh&#8221; height_tablet=&#8221;&#8221; height_phone=&#8221;23vh&#8221; height_last_edited=&#8221;on|tablet&#8221; max_height=&#8221;40vh&#8221; max_height_tablet=&#8221;&#8221; max_height_phone=&#8221;23vh&#8221; max_height_last_edited=&#8221;on|phone&#8221; bottom_divider_style=&#8221;slant&#8221; bottom_divider_height=&#8221;60px&#8221; bottom_divider_style_tablet=&#8221;&#8221; bottom_divider_style_phone=&#8221;&#8221; bottom_divider_style_last_edited=&#8221;on|phone&#8221;][et_pb_fullwidth_code _builder_version=&#8221;4.5.1&#8243; text_orientation=&#8221;center&#8221; module_alignment=&#8221;center&#8221;] TRINA TRINA [\/et_pb_fullwidth_code][\/et_pb_section][et_pb_section fb_built=&#8221;1&#8243; _builder_version=&#8221;4.5.1&#8243; custom_margin=&#8221;||||false|false&#8221; bottom_divider_style=&#8221;slant&#8221; bottom_divider_color=&#8221;#05b385&#8243; bottom_divider_height=&#8221;60px&#8221; bottom_divider_style_tablet=&#8221;&#8221; bottom_divider_style_phone=&#8221;&#8221; bottom_divider_style_last_edited=&#8221;on|phone&#8221;][et_pb_row _builder_version=&#8221;4.4.8&#8243; custom_margin=&#8221;5%||3%||false|false&#8221; custom_margin_tablet=&#8221;-2%||3%||false|false&#8221; custom_margin_phone=&#8221;-5%||||false|false&#8221; custom_margin_last_edited=&#8221;on|tablet&#8221;][et_pb_column type=&#8221;4_4&#8243; _builder_version=&#8221;4.4.8&#8243;][et_pb_text _builder_version=&#8221;4.4.8&#8243; text_font=&#8221;Roboto|300|||||||&#8221; text_text_color=&#8221;#05B385&#8243; text_font_size=&#8221;18px&#8221;] El Dorado\u2019s main focus is the establishment of Trina, SAS, [&hellip;]<\/p>","protected":false},"author":1,"featured_media":0,"parent":0,"menu_order":0,"comment_status":"closed","ping_status":"closed","template":"","meta":{"_et_pb_use_builder":"on","_et_pb_old_content":"","_et_gb_content_width":"","inline_featured_image":false,"footnotes":""},"class_list":["post-100","page","type-page","status-publish","hentry"],"_links":{"self":[{"href":"https:\/\/eldoradodev.us\/es\/wp-json\/wp\/v2\/pages\/100","targetHints":{"allow":["GET"]}}],"collection":[{"href":"https:\/\/eldoradodev.us\/es\/wp-json\/wp\/v2\/pages"}],"about":[{"href":"https:\/\/eldoradodev.us\/es\/wp-json\/wp\/v2\/types\/page"}],"author":[{"embeddable":true,"href":"https:\/\/eldoradodev.us\/es\/wp-json\/wp\/v2\/users\/1"}],"replies":[{"embeddable":true,"href":"https:\/\/eldoradodev.us\/es\/wp-json\/wp\/v2\/comments?post=100"}],"version-history":[{"count":4,"href":"https:\/\/eldoradodev.us\/es\/wp-json\/wp\/v2\/pages\/100\/revisions"}],"predecessor-version":[{"id":440,"href":"https:\/\/eldoradodev.us\/es\/wp-json\/wp\/v2\/pages\/100\/revisions\/440"}],"wp:attachment":[{"href":"https:\/\/eldoradodev.us\/es\/wp-json\/wp\/v2\/media?parent=100"}],"curies":[{"name":"wp","href":"https:\/\/api.w.org\/{rel}","templated":true}]}}