{"id":100,"date":"2020-07-15T07:41:04","date_gmt":"2020-07-15T07:41:04","guid":{"rendered":"https:\/\/eldoradodev.us\/?page_id=100"},"modified":"2020-08-04T06:52:01","modified_gmt":"2020-08-04T06:52:01","slug":"trina","status":"publish","type":"page","link":"https:\/\/eldoradodev.us\/en\/trina\/","title":{"rendered":"TRINA"},"content":{"rendered":"<p>[et_pb_section fb_built=&#8221;1&#8243; fullwidth=&#8221;on&#8221; next_background_color=&#8221;#ffffff&#8221; _builder_version=&#8221;4.5.1&#8243; background_image=&#8221;https:\/\/eldoradodev.us\/wp-content\/uploads\/2020\/07\/projects-bg-1.jpg&#8221; height=&#8221;40vh&#8221; height_tablet=&#8221;&#8221; height_phone=&#8221;23vh&#8221; height_last_edited=&#8221;on|tablet&#8221; max_height=&#8221;40vh&#8221; max_height_tablet=&#8221;&#8221; max_height_phone=&#8221;23vh&#8221; max_height_last_edited=&#8221;on|phone&#8221; bottom_divider_style=&#8221;slant&#8221; bottom_divider_height=&#8221;60px&#8221; bottom_divider_style_tablet=&#8221;&#8221; bottom_divider_style_phone=&#8221;&#8221; bottom_divider_style_last_edited=&#8221;on|phone&#8221;][et_pb_fullwidth_code _builder_version=&#8221;4.5.1&#8243; text_orientation=&#8221;center&#8221; module_alignment=&#8221;center&#8221;]<\/p>\n<h3 class=\"page-title\"><!-- [et_pb_line_break_holder] -->  TRINA<!-- [et_pb_line_break_holder] --><\/h3>\n<p><!-- [et_pb_line_break_holder] --><\/p>\n<h2 class=\"title-border-bg-white\"><!-- [et_pb_line_break_holder] -->  TRINA<!-- [et_pb_line_break_holder] --><\/h2>\n<p>[\/et_pb_fullwidth_code][\/et_pb_section][et_pb_section fb_built=&#8221;1&#8243; _builder_version=&#8221;4.5.1&#8243; custom_margin=&#8221;||||false|false&#8221; bottom_divider_style=&#8221;slant&#8221; bottom_divider_color=&#8221;#05b385&#8243; bottom_divider_height=&#8221;60px&#8221; bottom_divider_style_tablet=&#8221;&#8221; bottom_divider_style_phone=&#8221;&#8221; bottom_divider_style_last_edited=&#8221;on|phone&#8221;][et_pb_row _builder_version=&#8221;4.4.8&#8243; custom_margin=&#8221;5%||3%||false|false&#8221; custom_margin_tablet=&#8221;-2%||3%||false|false&#8221; custom_margin_phone=&#8221;-5%||||false|false&#8221; custom_margin_last_edited=&#8221;on|tablet&#8221;][et_pb_column type=&#8221;4_4&#8243; _builder_version=&#8221;4.4.8&#8243;][et_pb_text _builder_version=&#8221;4.4.8&#8243; text_font=&#8221;Roboto|300|||||||&#8221; text_text_color=&#8221;#05B385&#8243; text_font_size=&#8221;18px&#8221;]<\/p>\n<p>El Dorado\u2019s main focus is the establishment of Trina, SAS, which is already underway. El Dorado is currently securing loans for the expansion of existing facilities and will be adding additional sites in Boyac\u00e1 and Antioquia.<\/p>\n<p>This project has been reviewed and endorsed by the Colombian Environment and Sustainable Development Ministry and by Colombia\u2019s Ministry of Agriculture and Rural Development. In addition, Cargill, Inc., through EWOS, considers this a priority development project and endorses Trina\u2019s efforts.<\/p>\n<p>[\/et_pb_text][\/et_pb_column][\/et_pb_row][et_pb_row _builder_version=&#8221;4.5.1&#8243; custom_margin=&#8221;||9%||false|false&#8221;][et_pb_column type=&#8221;4_4&#8243; _builder_version=&#8221;4.4.8&#8243;][et_pb_image src=&#8221;https:\/\/eldoradodev.us\/wp-content\/uploads\/2020\/07\/El-Oregano-Process-6.2-scaled.jpg&#8221; alt=&#8221;fish farming collage&#8221; title_text=&#8221;fish farming collage&#8221; _builder_version=&#8221;4.5.1&#8243; width=&#8221;80%&#8221; width_tablet=&#8221;&#8221; width_phone=&#8221;100%&#8221; width_last_edited=&#8221;on|phone&#8221; module_alignment=&#8221;center&#8221;][\/et_pb_image][\/et_pb_column][\/et_pb_row][\/et_pb_section][et_pb_section fb_built=&#8221;1&#8243; next_background_color=&#8221;#fff&#8221; admin_label=&#8221;El molino section&#8221; _builder_version=&#8221;4.5.1&#8243; background_color=&#8221;#05b385&#8243; bottom_divider_style=&#8221;slant&#8221; bottom_divider_height=&#8221;60px&#8221; bottom_divider_style_tablet=&#8221;&#8221; bottom_divider_style_phone=&#8221;&#8221; bottom_divider_style_last_edited=&#8221;on|phone&#8221; locked=&#8221;off&#8221;][et_pb_row _builder_version=&#8221;4.4.8&#8243; custom_margin=&#8221;4%||||false|false&#8221; custom_margin_tablet=&#8221;-3%||||false|false&#8221; custom_margin_phone=&#8221;-10%||||false|false&#8221; custom_margin_last_edited=&#8221;on|tablet&#8221;][et_pb_column type=&#8221;4_4&#8243; _builder_version=&#8221;4.4.8&#8243;][et_pb_text _builder_version=&#8221;4.5.1&#8243; text_font=&#8221;Roboto|300|||||||&#8221; text_text_color=&#8221;#ffffff&#8221; text_font_size=&#8221;18px&#8221; header_font=&#8221;Oswald||||||||&#8221; header_4_font=&#8221;Oswald|700|||||||&#8221; header_4_text_align=&#8221;center&#8221; header_4_text_color=&#8221;#ffffff&#8221; header_4_font_size=&#8221;24px&#8221; header_4_letter_spacing=&#8221;1px&#8221; header_4_line_height=&#8221;2em&#8221;]<\/p>\n<h4>El Molino, SAS<\/h4>\n<p>El Molino is a small experimental farm for Induaqua in Mongu\u00ed, Boyac\u00e1. It can currently produce fifteen tons of trout per month, but its main purpose is to study trout production and improve efficiency. Further, El Molino serves as an environmental and water monitoring station for CorpoBoyac\u00e1, the administration for the department of Boyac\u00e1. IA works closely with CorpoBoyac\u00e1 on many matters related to trout production in the department. El Molino currently is powered in part by a small and an hydro system from the 19th century when the farm was used as a mill. Access to El Molino is posible with a four-wheel-drive vehicle. This will become a Trina trout farm.<\/p>\n<p>[\/et_pb_text][\/et_pb_column][\/et_pb_row][et_pb_row _builder_version=&#8221;4.4.8&#8243; custom_margin=&#8221;||12%||false|false&#8221;][et_pb_column type=&#8221;4_4&#8243; _builder_version=&#8221;4.4.8&#8243;][et_pb_image src=&#8221;https:\/\/eldoradodev.us\/wp-content\/uploads\/2020\/07\/El-Molino-4-scaled.jpg&#8221; alt=&#8221;El molino, SAS&#8221; title_text=&#8221;El Molino, SAS&#8221; _builder_version=&#8221;4.5.1&#8243; width=&#8221;80%&#8221; width_tablet=&#8221;80%&#8221; width_phone=&#8221;&#8221; width_last_edited=&#8221;on|desktop&#8221; module_alignment=&#8221;center&#8221; custom_margin=&#8221;3%||||false|false&#8221;][\/et_pb_image][\/et_pb_column][\/et_pb_row][\/et_pb_section][et_pb_section fb_built=&#8221;1&#8243; next_background_color=&#8221;#05b385&#8243; admin_label=&#8221;La cusiana spring section&#8221; _builder_version=&#8221;4.5.1&#8243; background_color=&#8221;#fff&#8221; custom_margin=&#8221;0px||0px||true|false&#8221; custom_padding=&#8221;||||true|false&#8221; bottom_divider_style=&#8221;slant&#8221; bottom_divider_height=&#8221;60px&#8221; bottom_divider_style_tablet=&#8221;&#8221; bottom_divider_style_phone=&#8221;&#8221; bottom_divider_style_last_edited=&#8221;on|phone&#8221; locked=&#8221;off&#8221;][et_pb_row _builder_version=&#8221;4.4.8&#8243; custom_margin=&#8221;4%||||false|false&#8221; custom_margin_tablet=&#8221;0%||||false|false&#8221; custom_margin_phone=&#8221;||0px||false|false&#8221; custom_margin_last_edited=&#8221;on|phone&#8221;][et_pb_column type=&#8221;4_4&#8243; _builder_version=&#8221;4.4.8&#8243;][et_pb_text _builder_version=&#8221;4.5.1&#8243; text_font=&#8221;Roboto|300|||||||&#8221; text_text_color=&#8221;#05b385&#8243; text_font_size=&#8221;18px&#8221; header_font=&#8221;||||||||&#8221; header_4_font=&#8221;Oswald|700|||||||&#8221; header_4_text_align=&#8221;center&#8221; header_4_text_color=&#8221;#05b385&#8243; header_4_font_size=&#8221;24px&#8221; header_4_letter_spacing=&#8221;1px&#8221; header_4_line_height=&#8221;1.7em&#8221; hover_enabled=&#8221;0&#8243; module_id=&#8221;cusiana-spring-section&#8221;]<\/p>\n<h4>La Cusiana Spring, SAS<\/h4>\n<p>La Cusiana Spring, founded in 2014, is a pioneer in the use of recirculating aquaculture systems (RAS) in Colombia and is based near the mouth of the Cusiana River. It is owned by Trucha Surala and Mr. Barrera, and has been a successful example of rural capitalization. It produces around sixty tons of trout per month. The RAS system employed at La Cuisana Spring was designed and partially installed by Induaqua\u2019s partner, Mr. Marcelo Eduardo Aqueveque Torres, and his Chilean company Ras Chile, Ltda. During Phase 1 of Trina, the RAS will be fully developed at the Cusiana Spring trout farm. Installation of the RAS is currently underway. EWOS feed provided by Induaqua is used at La Cusiana Spring. La Cuisana Spring will eventually become a Trina facility.<\/p>\n<p>[\/et_pb_text][\/et_pb_column][\/et_pb_row][et_pb_row _builder_version=&#8221;4.4.8&#8243; custom_margin=&#8221;||14%||false|false&#8221;][et_pb_column type=&#8221;4_4&#8243; _builder_version=&#8221;4.4.8&#8243;][et_pb_image src=&#8221;https:\/\/eldoradodev.us\/wp-content\/uploads\/2020\/07\/Cusiana-Springs-2-scaled.jpg&#8221; alt=&#8221;la cusiana spring&#8221; title_text=&#8221;la cusiana spring&#8221; _builder_version=&#8221;4.5.1&#8243; width=&#8221;80%&#8221; module_alignment=&#8221;center&#8221; custom_margin=&#8221;3%||||false|false&#8221;][\/et_pb_image][\/et_pb_column][\/et_pb_row][\/et_pb_section][et_pb_section fb_built=&#8221;1&#8243; next_background_color=&#8221;#ffffff&#8221; admin_label=&#8221;Rio pez section&#8221; _builder_version=&#8221;4.5.1&#8243; background_color=&#8221;#05b385&#8243; bottom_divider_style=&#8221;slant&#8221; bottom_divider_height=&#8221;60px&#8221; bottom_divider_style_tablet=&#8221;&#8221; bottom_divider_style_phone=&#8221;&#8221; bottom_divider_style_last_edited=&#8221;on|phone&#8221; locked=&#8221;off&#8221;][et_pb_row _builder_version=&#8221;4.4.8&#8243; custom_margin=&#8221;4%||||false|false&#8221; custom_margin_tablet=&#8221;0%||||false|false&#8221; custom_margin_phone=&#8221;&#8221; custom_margin_last_edited=&#8221;on|tablet&#8221;][et_pb_column type=&#8221;4_4&#8243; _builder_version=&#8221;4.4.8&#8243;][et_pb_text _builder_version=&#8221;4.5.1&#8243; text_font=&#8221;Roboto|300|||||||&#8221; text_text_color=&#8221;#ffffff&#8221; text_font_size=&#8221;18px&#8221; header_font=&#8221;Oswald||||||||&#8221; header_4_font=&#8221;Oswald|700|||||||&#8221; header_4_text_align=&#8221;center&#8221; header_4_text_color=&#8221;#ffffff&#8221; header_4_font_size=&#8221;24px&#8221; header_4_letter_spacing=&#8221;1px&#8221; header_4_line_height=&#8221;2em&#8221; hover_enabled=&#8221;0&#8243; module_id=&#8221;rio-pez-section&#8221;]<\/p>\n<h4>Rio Pez, SAS (aka Sons\u00f3n)<\/h4>\n<p>\nRio Pez, also known as La Paloma Sons\u00f3n, is in Antioquia. Rio Pez was a pioneer in closed recirculation (RAS) technology. Located approximately two hours by land from Medellin, in Antioquia, it has its own processing plant and an installed capacity to produce twenty tons of trout per week. It is a source of development for the municipality of Sons\u00f3n, which was heavily impacted by violence. It also utilizes a natural water source from a nearby nature reserve. Sons\u00f3n is currently being modernized by Induaqua. In the near future, Sons\u00f3n will be a Trina farm and facility.\n<\/p>\n<p>[\/et_pb_text][\/et_pb_column][\/et_pb_row][et_pb_row _builder_version=&#8221;4.4.8&#8243; custom_margin=&#8221;||14%||false|false&#8221;][et_pb_column type=&#8221;4_4&#8243; _builder_version=&#8221;4.4.8&#8243;][et_pb_image src=&#8221;https:\/\/eldoradodev.us\/wp-content\/uploads\/2020\/07\/Sonso\u0301n-1.jpg&#8221; alt=&#8221;rio pez&#8221; title_text=&#8221;rio pez&#8221; _builder_version=&#8221;4.5.1&#8243; width=&#8221;75%&#8221; module_alignment=&#8221;center&#8221; custom_margin=&#8221;3%||||false|false&#8221;][\/et_pb_image][\/et_pb_column][\/et_pb_row][\/et_pb_section][et_pb_section fb_built=&#8221;1&#8243; next_background_color=&#8221;#05b385&#8243; admin_label=&#8221;piscitota section&#8221; _builder_version=&#8221;4.5.1&#8243; background_color=&#8221;#ffffff&#8221; bottom_divider_style=&#8221;slant&#8221; bottom_divider_height=&#8221;60px&#8221; bottom_divider_style_tablet=&#8221;&#8221; bottom_divider_style_phone=&#8221;&#8221; bottom_divider_style_last_edited=&#8221;on|phone&#8221; locked=&#8221;off&#8221;][et_pb_row _builder_version=&#8221;4.4.8&#8243; custom_margin=&#8221;4%||||false|false&#8221; custom_margin_tablet=&#8221;0%||||false|false&#8221; custom_margin_phone=&#8221;&#8221; custom_margin_last_edited=&#8221;on|tablet&#8221;][et_pb_column type=&#8221;4_4&#8243; _builder_version=&#8221;4.4.8&#8243;][et_pb_text _builder_version=&#8221;4.5.1&#8243; text_font=&#8221;Roboto|300|||||||&#8221; text_text_color=&#8221;#05b385&#8243; text_font_size=&#8221;18px&#8221; header_font=&#8221;||||||||&#8221; header_4_font=&#8221;Oswald|700|||||||&#8221; header_4_text_align=&#8221;center&#8221; header_4_text_color=&#8221;#05b385&#8243; header_4_font_size=&#8221;24px&#8221; header_4_letter_spacing=&#8221;1px&#8221; header_4_line_height=&#8221;1.7em&#8221; hover_enabled=&#8221;0&#8243; module_id=&#8221;piscitota-section&#8221;]<\/p>\n<h4>Piscitota, SAS<\/h4>\n<p>The Piscitota facility has a processing plant as well as a collocated eighty-tank production system in Lake Tota. It is one of the most successful trout producers in Colombia and is owned by a consortium of eight entities that includes Mr. Barrera.<\/p>\n<p>[\/et_pb_text][\/et_pb_column][\/et_pb_row][et_pb_row _builder_version=&#8221;4.4.8&#8243; custom_margin=&#8221;||8%||false|false&#8221; custom_margin_tablet=&#8221;&#8221; custom_margin_phone=&#8221;||14%||false|false&#8221; custom_margin_last_edited=&#8221;on|phone&#8221;][et_pb_column type=&#8221;4_4&#8243; _builder_version=&#8221;4.4.8&#8243;][et_pb_image src=&#8221;https:\/\/eldoradodev.us\/wp-content\/uploads\/2020\/07\/Piscitota-Trout-Farm-1-scaled.jpg&#8221; alt=&#8221;piscitota&#8221; title_text=&#8221;piscitota&#8221; _builder_version=&#8221;4.5.1&#8243; width=&#8221;80%&#8221; module_alignment=&#8221;center&#8221; custom_margin=&#8221;0%||||false|false&#8221;][\/et_pb_image][\/et_pb_column][\/et_pb_row][\/et_pb_section][et_pb_section fb_built=&#8221;1&#8243; admin_label=&#8221;el oregano section&#8221; _builder_version=&#8221;4.5.1&#8243; background_color=&#8221;#05b385&#8243; locked=&#8221;off&#8221;][et_pb_row _builder_version=&#8221;4.4.8&#8243; custom_margin=&#8221;4%||||false|false&#8221; custom_margin_tablet=&#8221;0%||||false|false&#8221; custom_margin_phone=&#8221;&#8221; custom_margin_last_edited=&#8221;on|tablet&#8221;][et_pb_column type=&#8221;4_4&#8243; _builder_version=&#8221;4.4.8&#8243;][et_pb_text _builder_version=&#8221;4.5.1&#8243; text_font=&#8221;Roboto|300|||||||&#8221; text_text_color=&#8221;#ffffff&#8221; text_font_size=&#8221;18px&#8221; header_font=&#8221;Oswald||||||||&#8221; header_4_font=&#8221;Oswald|700|||||||&#8221; header_4_text_align=&#8221;center&#8221; header_4_text_color=&#8221;#ffffff&#8221; header_4_font_size=&#8221;24px&#8221; header_4_letter_spacing=&#8221;1px&#8221; header_4_line_height=&#8221;2em&#8221;]<\/p>\n<h4>El Oregano<\/h4>\n<p>El Oregano was founded in Aquitine, Boyac\u00e1 on the shores of Lake Tota. It is one of the largest trout producers in the country and has a certified processing plant for export, along with a system of floating cages. The fish farms at El Oregano are named Acuatrouta and Aloregano. They represent separate operations from the processing plant. El Tejar, a Barrera-family business, has been providing the fish farms with fingerlings for twenty-five years. Recently, IA has introduced the EWOS diet to the farms. The high-energy EWOS diet has helped to increase production and improve the quality of the finished product. El Oregano employs approximately twenty-five people at its farms and another twenty at the processing plant. The processing plant employs mostly women who have been affected by the violence within Colombia.<\/p>\n<p>[\/et_pb_text][\/et_pb_column][\/et_pb_row][et_pb_row _builder_version=&#8221;4.4.8&#8243; width_tablet=&#8221;&#8221; width_phone=&#8221;100%&#8221; width_last_edited=&#8221;on|phone&#8221; custom_margin=&#8221;||5%||false|false&#8221;][et_pb_column type=&#8221;4_4&#8243; _builder_version=&#8221;4.4.8&#8243;][et_pb_image src=&#8221;https:\/\/eldoradodev.us\/wp-content\/uploads\/2020\/07\/El-Oregano-1-scaled.jpg&#8221; alt=&#8221;el oregano&#8221; title_text=&#8221;el oregano&#8221; _builder_version=&#8221;4.5.1&#8243; width=&#8221;80%&#8221; module_alignment=&#8221;center&#8221; custom_margin=&#8221;3%||||false|false&#8221; custom_margin_tablet=&#8221;&#8221; custom_margin_phone=&#8221;0%||||false|false&#8221; custom_margin_last_edited=&#8221;on|phone&#8221;][\/et_pb_image][\/et_pb_column][\/et_pb_row][\/et_pb_section]<\/p>\n","protected":false},"excerpt":{"rendered":"<p>[et_pb_section fb_built=&#8221;1&#8243; fullwidth=&#8221;on&#8221; next_background_color=&#8221;#ffffff&#8221; _builder_version=&#8221;4.5.1&#8243; background_image=&#8221;https:\/\/eldoradodev.us\/wp-content\/uploads\/2020\/07\/projects-bg-1.jpg&#8221; height=&#8221;40vh&#8221; height_tablet=&#8221;&#8221; height_phone=&#8221;23vh&#8221; height_last_edited=&#8221;on|tablet&#8221; max_height=&#8221;40vh&#8221; max_height_tablet=&#8221;&#8221; max_height_phone=&#8221;23vh&#8221; max_height_last_edited=&#8221;on|phone&#8221; bottom_divider_style=&#8221;slant&#8221; bottom_divider_height=&#8221;60px&#8221; bottom_divider_style_tablet=&#8221;&#8221; bottom_divider_style_phone=&#8221;&#8221; bottom_divider_style_last_edited=&#8221;on|phone&#8221;][et_pb_fullwidth_code _builder_version=&#8221;4.5.1&#8243; text_orientation=&#8221;center&#8221; module_alignment=&#8221;center&#8221;] TRINA TRINA [\/et_pb_fullwidth_code][\/et_pb_section][et_pb_section fb_built=&#8221;1&#8243; _builder_version=&#8221;4.5.1&#8243; custom_margin=&#8221;||||false|false&#8221; bottom_divider_style=&#8221;slant&#8221; bottom_divider_color=&#8221;#05b385&#8243; bottom_divider_height=&#8221;60px&#8221; bottom_divider_style_tablet=&#8221;&#8221; bottom_divider_style_phone=&#8221;&#8221; bottom_divider_style_last_edited=&#8221;on|phone&#8221;][et_pb_row _builder_version=&#8221;4.4.8&#8243; custom_margin=&#8221;5%||3%||false|false&#8221; custom_margin_tablet=&#8221;-2%||3%||false|false&#8221; custom_margin_phone=&#8221;-5%||||false|false&#8221; custom_margin_last_edited=&#8221;on|tablet&#8221;][et_pb_column type=&#8221;4_4&#8243; _builder_version=&#8221;4.4.8&#8243;][et_pb_text _builder_version=&#8221;4.4.8&#8243; text_font=&#8221;Roboto|300|||||||&#8221; text_text_color=&#8221;#05B385&#8243; text_font_size=&#8221;18px&#8221;] El Dorado\u2019s main focus is the establishment of Trina, SAS, [&hellip;]<\/p>\n","protected":false},"author":1,"featured_media":0,"parent":0,"menu_order":0,"comment_status":"closed","ping_status":"closed","template":"","meta":{"_et_pb_use_builder":"on","_et_pb_old_content":"","_et_gb_content_width":"","inline_featured_image":false,"footnotes":""},"class_list":["post-100","page","type-page","status-publish","hentry"],"_links":{"self":[{"href":"https:\/\/eldoradodev.us\/en\/wp-json\/wp\/v2\/pages\/100","targetHints":{"allow":["GET"]}}],"collection":[{"href":"https:\/\/eldoradodev.us\/en\/wp-json\/wp\/v2\/pages"}],"about":[{"href":"https:\/\/eldoradodev.us\/en\/wp-json\/wp\/v2\/types\/page"}],"author":[{"embeddable":true,"href":"https:\/\/eldoradodev.us\/en\/wp-json\/wp\/v2\/users\/1"}],"replies":[{"embeddable":true,"href":"https:\/\/eldoradodev.us\/en\/wp-json\/wp\/v2\/comments?post=100"}],"version-history":[{"count":4,"href":"https:\/\/eldoradodev.us\/en\/wp-json\/wp\/v2\/pages\/100\/revisions"}],"predecessor-version":[{"id":440,"href":"https:\/\/eldoradodev.us\/en\/wp-json\/wp\/v2\/pages\/100\/revisions\/440"}],"wp:attachment":[{"href":"https:\/\/eldoradodev.us\/en\/wp-json\/wp\/v2\/media?parent=100"}],"curies":[{"name":"wp","href":"https:\/\/api.w.org\/{rel}","templated":true}]}}